{"id":12897,"date":"2023-10-14T11:36:40","date_gmt":"2023-10-14T11:36:40","guid":{"rendered":"https:\/\/cool-cori.92-205-111-68.plesk.page\/?page_id=12897"},"modified":"2025-01-31T14:33:58","modified_gmt":"2025-01-31T14:33:58","slug":"impressum","status":"publish","type":"page","link":"https:\/\/tagespflege-heimathafen.de\/index.php\/impressum\/","title":{"rendered":"Impressum"},"content":{"rendered":"\t\t<div data-elementor-type=\"wp-page\" data-elementor-id=\"12897\" class=\"elementor elementor-12897\" data-elementor-post-type=\"page\">\n\t\t\t\t\t\t<section class=\"elementor-section elementor-top-section elementor-element elementor-element-13b77f8 elementor-section-boxed elementor-section-height-default elementor-section-height-default\" data-id=\"13b77f8\" data-element_type=\"section\" data-e-type=\"section\">\n\t\t\t\t\t\t<div class=\"elementor-container elementor-column-gap-default\">\n\t\t\t\t\t<div class=\"elementor-column elementor-col-100 elementor-top-column elementor-element elementor-element-e51c1e7\" data-id=\"e51c1e7\" data-element_type=\"column\" data-e-type=\"column\">\n\t\t\t<div class=\"elementor-widget-wrap elementor-element-populated\">\n\t\t\t\t\t\t<div class=\"elementor-element elementor-element-76a6003 elementor-widget elementor-widget-text-editor\" data-id=\"76a6003\" data-element_type=\"widget\" data-e-type=\"widget\" data-widget_type=\"text-editor.default\">\n\t\t\t\t<div class=\"elementor-widget-container\">\n\t\t\t\t\t\t\t\t\t<p>gem. \u00a7 6 Teledienstegesetz (TDG)<\/p>\t\t\t\t\t\t\t\t<\/div>\n\t\t\t\t<\/div>\n\t\t\t\t<div class=\"elementor-element elementor-element-1acc180 elementor-widget elementor-widget-heading\" data-id=\"1acc180\" data-element_type=\"widget\" data-e-type=\"widget\" data-widget_type=\"heading.default\">\n\t\t\t\t<div class=\"elementor-widget-container\">\n\t\t\t\t\t<h2 class=\"elementor-heading-title elementor-size-default\">Herausgeber<\/h2>\t\t\t\t<\/div>\n\t\t\t\t<\/div>\n\t\t\t\t<div class=\"elementor-element elementor-element-df43a6d elementor-widget elementor-widget-text-editor\" data-id=\"df43a6d\" data-element_type=\"widget\" data-e-type=\"widget\" data-widget_type=\"text-editor.default\">\n\t\t\t\t<div class=\"elementor-widget-container\">\n\t\t\t\t\t\t\t\t\t<p>Pflege-Versorgungszentrum Rostock<\/p>\t\t\t\t\t\t\t\t<\/div>\n\t\t\t\t<\/div>\n\t\t\t\t<div class=\"elementor-element elementor-element-fc62442 elementor-widget elementor-widget-heading\" data-id=\"fc62442\" data-element_type=\"widget\" data-e-type=\"widget\" data-widget_type=\"heading.default\">\n\t\t\t\t<div class=\"elementor-widget-container\">\n\t\t\t\t\t<h2 class=\"elementor-heading-title elementor-size-default\">Kontakt<\/h2>\t\t\t\t<\/div>\n\t\t\t\t<\/div>\n\t\t\t\t<div class=\"elementor-element elementor-element-b856d09 elementor-widget elementor-widget-text-editor\" data-id=\"b856d09\" data-element_type=\"widget\" data-e-type=\"widget\" data-widget_type=\"text-editor.default\">\n\t\t\t\t<div class=\"elementor-widget-container\">\n\t\t\t\t\t\t\t\t\t<p>Hellingstr. 3<br \/>18057 Rostock\u00a0<br \/>Tel.: +49-(0) 381 &#8211; 68 63 166<br \/>Fax: +49-(0) 381 &#8211; 68 63 167<br \/>E-mail:<a href=\"mailto:info@pvz-rostock.de\">\u00a0info@pvz-rostock.de<\/a><br \/>Internet:<a href=\"http:\/\/www.pvz-rostock.de\" target=\"_blank\" rel=\"noopener\">\u00a0www.\u00a0pvz-rostock.de<\/a><\/p>\t\t\t\t\t\t\t\t<\/div>\n\t\t\t\t<\/div>\n\t\t\t\t<div class=\"elementor-element elementor-element-8b757db elementor-widget elementor-widget-heading\" data-id=\"8b757db\" data-element_type=\"widget\" data-e-type=\"widget\" data-widget_type=\"heading.default\">\n\t\t\t\t<div class=\"elementor-widget-container\">\n\t\t\t\t\t<h2 class=\"elementor-heading-title elementor-size-default\">Gesellschafter<\/h2>\t\t\t\t<\/div>\n\t\t\t\t<\/div>\n\t\t\t\t<div class=\"elementor-element elementor-element-f98ee75 elementor-widget elementor-widget-text-editor\" data-id=\"f98ee75\" data-element_type=\"widget\" data-e-type=\"widget\" data-widget_type=\"text-editor.default\">\n\t\t\t\t<div class=\"elementor-widget-container\">\n\t\t\t\t\t\t\t\t\t<div><span style=\"vertical-align: inherit;\"><span style=\"vertical-align: inherit;\">Claudia Leith\u00e4user<\/span><\/span><\/div>\t\t\t\t\t\t\t\t<\/div>\n\t\t\t\t<\/div>\n\t\t\t\t<div class=\"elementor-element elementor-element-42f454d elementor-widget elementor-widget-text-editor\" data-id=\"42f454d\" data-element_type=\"widget\" data-e-type=\"widget\" data-widget_type=\"text-editor.default\">\n\t\t\t\t<div class=\"elementor-widget-container\">\n\t\t\t\t\t\t\t\t\t<div><span style=\"color: 4b4b4b;\"><span style=\"vertical-align: inherit;\"><span style=\"vertical-align: inherit;\">IK no. <\/span><span style=\"vertical-align: inherit;\">Outpatient nursing service: 461308092<\/span><\/span><\/span><\/div><p><span style=\"color: 4b4b4b;\"><span style=\"vertical-align: inherit;\"><span style=\"vertical-align: inherit;\">IK no. <\/span><span style=\"vertical-align: inherit;\">Day care home port: 511309128<\/span><\/span><\/span><br \/><br \/>Steuernummer: 079\/244\/11443<\/p>\t\t\t\t\t\t\t\t<\/div>\n\t\t\t\t<\/div>\n\t\t\t\t<div class=\"elementor-element elementor-element-fbfb344 elementor-widget elementor-widget-heading\" data-id=\"fbfb344\" data-element_type=\"widget\" data-e-type=\"widget\" data-widget_type=\"heading.default\">\n\t\t\t\t<div class=\"elementor-widget-container\">\n\t\t\t\t\t<h2 class=\"elementor-heading-title elementor-size-default\">Webdesign, CMS, Hosting<\/h2>\t\t\t\t<\/div>\n\t\t\t\t<\/div>\n\t\t\t\t<div class=\"elementor-element elementor-element-bcf3b81 elementor-widget elementor-widget-text-editor\" data-id=\"bcf3b81\" data-element_type=\"widget\" data-e-type=\"widget\" data-widget_type=\"text-editor.default\">\n\t\t\t\t<div class=\"elementor-widget-container\">\n\t\t\t\t\t\t\t\t\t<p><span style=\"vertical-align: inherit;\"><span style=\"vertical-align: inherit;\">Orb-IT Cross Media eK <\/span><\/span><br \/><span style=\"vertical-align: inherit;\"><span style=\"vertical-align: inherit;\">Zum S\u00fcderholz 7 <\/span><\/span><br \/><span style=\"vertical-align: inherit;\"><span style=\"vertical-align: inherit;\">18182 Rostock &#8211; Bentwisch <\/span><\/span><br \/><span style=\"vertical-align: inherit;\"><span style=\"vertical-align: inherit;\">www.orb-it.de<\/span><\/span><\/p>\t\t\t\t\t\t\t\t<\/div>\n\t\t\t\t<\/div>\n\t\t\t\t<div class=\"elementor-element elementor-element-1640a21 elementor-widget elementor-widget-heading\" data-id=\"1640a21\" data-element_type=\"widget\" data-e-type=\"widget\" data-widget_type=\"heading.default\">\n\t\t\t\t<div class=\"elementor-widget-container\">\n\t\t\t\t\t<h2 class=\"elementor-heading-title elementor-size-default\">Rechtliche Hinweise<\/h2>\t\t\t\t<\/div>\n\t\t\t\t<\/div>\n\t\t\t\t<div class=\"elementor-element elementor-element-f4f6c05 elementor-widget elementor-widget-text-editor\" data-id=\"f4f6c05\" data-element_type=\"widget\" data-e-type=\"widget\" data-widget_type=\"text-editor.default\">\n\t\t\t\t<div class=\"elementor-widget-container\">\n\t\t\t\t\t\t\t\t\t<p><span style=\"color: #7791a3;\">Copyright<\/span><br \/>Pflegeversorgungszentrum Rostock<br \/>Der Inhalt dieser Webseiten ist urheberrechtlich gesch\u00fctzt.<br \/>Das Kopieren, Anpassen, Vervielf\u00e4ltigen oder Verbreiten dieser Inhalte oder eines Teiles dieser Inhalte, dazu z\u00e4hlen insbesondere Texte, Fotos, Grafiken, HTML und Layout, ist nur mit ausdr\u00fccklicher Genehmigung durch das Pflegeversorgungszentrum Rostock gestattet.<\/p>\t\t\t\t\t\t\t\t<\/div>\n\t\t\t\t<\/div>\n\t\t\t\t<div class=\"elementor-element elementor-element-1aabed9 elementor-widget elementor-widget-text-editor\" data-id=\"1aabed9\" data-element_type=\"widget\" data-e-type=\"widget\" data-widget_type=\"text-editor.default\">\n\t\t\t\t<div class=\"elementor-widget-container\">\n\t\t\t\t\t\t\t\t\t<p><span style=\"color: #7791a3;\">Haftung<\/span><br \/>Die auf diesen Seiten enthaltenen Informationen wurden sorgf\u00e4ltig zusammengestellt und gepr\u00fcft. Eine Haftung oder Garantie f\u00fcr die Aktualit\u00e4t, Vollst\u00e4ndigkeit und Korrektheit der Seiten ist jedoch ausgeschlossen. Wir tragen ferner auch keine Verantwortung f\u00fcr den Inhalt der \u00fcber Hyperlink verbundenen externen Internetauftritte. Jegliche Haftung f\u00fcr Sch\u00e4den, die direkt oder indirekt aus der Benutzung dieser Website entstehen, wird ausgeschlossen.<\/p>\t\t\t\t\t\t\t\t<\/div>\n\t\t\t\t<\/div>\n\t\t\t\t<div class=\"elementor-element elementor-element-7f285cc elementor-widget elementor-widget-text-editor\" data-id=\"7f285cc\" data-element_type=\"widget\" data-e-type=\"widget\" data-widget_type=\"text-editor.default\">\n\t\t\t\t<div class=\"elementor-widget-container\">\n\t\t\t\t\t\t\t\t\t<div><span style=\"color: #7791a3;\">Markenschutz<\/span><br>\nS\u00e4mtliche auf diesen Seiten erw\u00e4hnten Namen von Firmen oder Marken, insbesondere von Hard- und Softwareprodukten, werden ohne Gew\u00e4hrleistung der freien Verf\u00fcgbarkeit wiedergegeben. Die Namen sind entweder eingetragene Warenzeichen oder sollten als solche betrachtet werden.<\/div>\t\t\t\t\t\t\t\t<\/div>\n\t\t\t\t<\/div>\n\t\t\t\t<div class=\"elementor-element elementor-element-3732fc6 elementor-widget elementor-widget-text-editor\" data-id=\"3732fc6\" data-element_type=\"widget\" data-e-type=\"widget\" data-widget_type=\"text-editor.default\">\n\t\t\t\t<div class=\"elementor-widget-container\">\n\t\t\t\t\t\t\t\t\t<div><span style=\"color: #7791a3;\">Informationen zu \u00a7 36 Verbraucherstreitbeteiligungsgesetz<\/span><\/div>\nDie EU-Kommission bietet die M\u00f6glichkeit zur Online-Streitbeilegung auf einer von ihr betriebenen Online-Plattform. Diese Platform ist \u00fcber den externen Link http:\/\/ec.europa.eu\/consumers\/odr zu erreichen. Zu einer Teilnahme an einem Schlichtungsverfahren sind wir nicht verpflichtet und k\u00f6nnen die Teilnahme an einem solchen Verfahren auch leider nicht anbieten.\t\t\t\t\t\t\t\t<\/div>\n\t\t\t\t<\/div>\n\t\t\t\t\t<\/div>\n\t\t<\/div>\n\t\t\t\t\t<\/div>\n\t\t<\/section>\n\t\t\t\t<\/div>\n\t\t","protected":false},"excerpt":{"rendered":"<p>gem. \u00a7 6 Teledienstegesetz (TDG) Herausgeber Pflege-Versorgungszentrum Rostock Kontakt Hellingstr. 318057 Rostock\u00a0Tel.: +49-(0) 381 &#8211; 68 63 166Fax: +49-(0) 381&#8230;<\/p>\n","protected":false},"author":1,"featured_media":0,"parent":0,"menu_order":0,"comment_status":"closed","ping_status":"closed","template":"","meta":{"_tbt_post_transparent":"","_tbt_post_title":"","_tbt_post_layout":"","_tbt_post_sidebar_id":"","_tbt_post_content_style":"","_tbt_post_vertical_padding":"","_tbt_post_feature":"","_tbt_post_feature_position":"","_tbt_post_header":false,"_tbt_post_footer":false},"class_list":["post-12897","page","type-page","status-publish","hentry"],"yoast_head":"<!-- This site is optimized with the Yoast SEO plugin v27.6 - https:\/\/yoast.com\/product\/yoast-seo-wordpress\/ -->\n<title>Impressum - Tagespflege Heimathafen Raihan Toto Slot Gacor Slot Online Dana Resmi Indonesia<\/title>\n<meta name=\"description\" content=\"kontol\" \/>\n<meta name=\"robots\" content=\"index, follow, max-snippet:-1, max-image-preview:large, max-video-preview:-1\" \/>\n<link rel=\"canonical\" href=\"https:\/\/tagespflege-heimathafen.de\/index.php\/impressum\/\" \/>\n<meta property=\"og:locale\" content=\"de_DE\" \/>\n<meta property=\"og:type\" content=\"article\" \/>\n<meta property=\"og:title\" content=\"Impressum - Tagespflege Heimathafen Raihan Toto Slot Gacor Slot Online Dana Resmi Indonesia\" \/>\n<meta property=\"og:description\" content=\"kontol\" \/>\n<meta property=\"og:url\" content=\"https:\/\/tagespflege-heimathafen.de\/index.php\/impressum\/\" \/>\n<meta property=\"og:site_name\" content=\"Tagespflege Heimathafen\" \/>\n<meta property=\"article:modified_time\" content=\"2025-01-31T14:33:58+00:00\" \/>\n<meta name=\"twitter:card\" content=\"summary_large_image\" \/>\n<script type=\"application\/ld+json\" class=\"yoast-schema-graph\">{\"@context\":\"https:\\\/\\\/schema.org\",\"@graph\":[{\"@type\":\"WebPage\",\"@id\":\"https:\\\/\\\/tagespflege-heimathafen.de\\\/index.php\\\/impressum\\\/\",\"url\":\"https:\\\/\\\/tagespflege-heimathafen.de\\\/index.php\\\/impressum\\\/\",\"name\":\"Impressum - Tagespflege Heimathafen Raihan Toto Slot Gacor Slot Online Dana Resmi Indonesia\",\"isPartOf\":{\"@id\":\"https:\\\/\\\/tagespflege-heimathafen.de\\\/#website\"},\"datePublished\":\"2023-10-14T11:36:40+00:00\",\"dateModified\":\"2025-01-31T14:33:58+00:00\",\"description\":\"kontol\",\"breadcrumb\":{\"@id\":\"https:\\\/\\\/tagespflege-heimathafen.de\\\/index.php\\\/impressum\\\/#breadcrumb\"},\"inLanguage\":\"de\",\"potentialAction\":[{\"@type\":\"ReadAction\",\"target\":[\"https:\\\/\\\/tagespflege-heimathafen.de\\\/index.php\\\/impressum\\\/\"]}]},{\"@type\":\"BreadcrumbList\",\"@id\":\"https:\\\/\\\/tagespflege-heimathafen.de\\\/index.php\\\/impressum\\\/#breadcrumb\",\"itemListElement\":[{\"@type\":\"ListItem\",\"position\":1,\"name\":\"Startseite\",\"item\":\"https:\\\/\\\/tagespflege-heimathafen.de\\\/\"},{\"@type\":\"ListItem\",\"position\":2,\"name\":\"Impressum\"}]},{\"@type\":\"WebSite\",\"@id\":\"https:\\\/\\\/tagespflege-heimathafen.de\\\/#website\",\"url\":\"https:\\\/\\\/tagespflege-heimathafen.de\\\/\",\"name\":\"Tagespflege Heimathafen\",\"description\":\"\",\"publisher\":{\"@id\":\"https:\\\/\\\/tagespflege-heimathafen.de\\\/#organization\"},\"potentialAction\":[{\"@type\":\"SearchAction\",\"target\":{\"@type\":\"EntryPoint\",\"urlTemplate\":\"https:\\\/\\\/tagespflege-heimathafen.de\\\/?s={search_term_string}\"},\"query-input\":{\"@type\":\"PropertyValueSpecification\",\"valueRequired\":true,\"valueName\":\"search_term_string\"}}],\"inLanguage\":\"de\"},{\"@type\":\"Organization\",\"@id\":\"https:\\\/\\\/tagespflege-heimathafen.de\\\/#organization\",\"name\":\"Tagespflege Heimathafen\",\"url\":\"https:\\\/\\\/tagespflege-heimathafen.de\\\/\",\"logo\":{\"@type\":\"ImageObject\",\"inLanguage\":\"de\",\"@id\":\"https:\\\/\\\/tagespflege-heimathafen.de\\\/#\\\/schema\\\/logo\\\/image\\\/\",\"url\":\"https:\\\/\\\/tagespflege-heimathafen.de\\\/wp-content\\\/uploads\\\/2025\\\/02\\\/PVZ-Logo.jpg\",\"contentUrl\":\"https:\\\/\\\/tagespflege-heimathafen.de\\\/wp-content\\\/uploads\\\/2025\\\/02\\\/PVZ-Logo.jpg\",\"width\":1218,\"height\":498,\"caption\":\"Tagespflege Heimathafen\"},\"image\":{\"@id\":\"https:\\\/\\\/tagespflege-heimathafen.de\\\/#\\\/schema\\\/logo\\\/image\\\/\"}}]}<\/script>\n<!-- \/ Yoast SEO plugin. -->","yoast_head_json":{"title":"Impressum - Tagespflege Heimathafen Raihan Toto Slot Gacor Slot Online Dana Resmi Indonesia","description":"kontol","robots":{"index":"index","follow":"follow","max-snippet":"max-snippet:-1","max-image-preview":"max-image-preview:large","max-video-preview":"max-video-preview:-1"},"canonical":"https:\/\/tagespflege-heimathafen.de\/index.php\/impressum\/","og_locale":"de_DE","og_type":"article","og_title":"Impressum - Tagespflege Heimathafen Raihan Toto Slot Gacor Slot Online Dana Resmi Indonesia","og_description":"kontol","og_url":"https:\/\/tagespflege-heimathafen.de\/index.php\/impressum\/","og_site_name":"Tagespflege Heimathafen","article_modified_time":"2025-01-31T14:33:58+00:00","twitter_card":"summary_large_image","schema":{"@context":"https:\/\/schema.org","@graph":[{"@type":"WebPage","@id":"https:\/\/tagespflege-heimathafen.de\/index.php\/impressum\/","url":"https:\/\/tagespflege-heimathafen.de\/index.php\/impressum\/","name":"Impressum - Tagespflege Heimathafen Raihan Toto Slot Gacor Slot Online Dana Resmi Indonesia","isPartOf":{"@id":"https:\/\/tagespflege-heimathafen.de\/#website"},"datePublished":"2023-10-14T11:36:40+00:00","dateModified":"2025-01-31T14:33:58+00:00","description":"kontol","breadcrumb":{"@id":"https:\/\/tagespflege-heimathafen.de\/index.php\/impressum\/#breadcrumb"},"inLanguage":"de","potentialAction":[{"@type":"ReadAction","target":["https:\/\/tagespflege-heimathafen.de\/index.php\/impressum\/"]}]},{"@type":"BreadcrumbList","@id":"https:\/\/tagespflege-heimathafen.de\/index.php\/impressum\/#breadcrumb","itemListElement":[{"@type":"ListItem","position":1,"name":"Startseite","item":"https:\/\/tagespflege-heimathafen.de\/"},{"@type":"ListItem","position":2,"name":"Impressum"}]},{"@type":"WebSite","@id":"https:\/\/tagespflege-heimathafen.de\/#website","url":"https:\/\/tagespflege-heimathafen.de\/","name":"Tagespflege Heimathafen","description":"","publisher":{"@id":"https:\/\/tagespflege-heimathafen.de\/#organization"},"potentialAction":[{"@type":"SearchAction","target":{"@type":"EntryPoint","urlTemplate":"https:\/\/tagespflege-heimathafen.de\/?s={search_term_string}"},"query-input":{"@type":"PropertyValueSpecification","valueRequired":true,"valueName":"search_term_string"}}],"inLanguage":"de"},{"@type":"Organization","@id":"https:\/\/tagespflege-heimathafen.de\/#organization","name":"Tagespflege Heimathafen","url":"https:\/\/tagespflege-heimathafen.de\/","logo":{"@type":"ImageObject","inLanguage":"de","@id":"https:\/\/tagespflege-heimathafen.de\/#\/schema\/logo\/image\/","url":"https:\/\/tagespflege-heimathafen.de\/wp-content\/uploads\/2025\/02\/PVZ-Logo.jpg","contentUrl":"https:\/\/tagespflege-heimathafen.de\/wp-content\/uploads\/2025\/02\/PVZ-Logo.jpg","width":1218,"height":498,"caption":"Tagespflege Heimathafen"},"image":{"@id":"https:\/\/tagespflege-heimathafen.de\/#\/schema\/logo\/image\/"}}]}},"jetpack_sharing_enabled":true,"_links":{"self":[{"href":"https:\/\/tagespflege-heimathafen.de\/index.php\/wp-json\/wp\/v2\/pages\/12897","targetHints":{"allow":["GET"]}}],"collection":[{"href":"https:\/\/tagespflege-heimathafen.de\/index.php\/wp-json\/wp\/v2\/pages"}],"about":[{"href":"https:\/\/tagespflege-heimathafen.de\/index.php\/wp-json\/wp\/v2\/types\/page"}],"author":[{"embeddable":true,"href":"https:\/\/tagespflege-heimathafen.de\/index.php\/wp-json\/wp\/v2\/users\/1"}],"replies":[{"embeddable":true,"href":"https:\/\/tagespflege-heimathafen.de\/index.php\/wp-json\/wp\/v2\/comments?post=12897"}],"version-history":[{"count":36,"href":"https:\/\/tagespflege-heimathafen.de\/index.php\/wp-json\/wp\/v2\/pages\/12897\/revisions"}],"predecessor-version":[{"id":13704,"href":"https:\/\/tagespflege-heimathafen.de\/index.php\/wp-json\/wp\/v2\/pages\/12897\/revisions\/13704"}],"wp:attachment":[{"href":"https:\/\/tagespflege-heimathafen.de\/index.php\/wp-json\/wp\/v2\/media?parent=12897"}],"curies":[{"name":"wp","href":"https:\/\/api.w.org\/{rel}","templated":true}]}}