{"id":12872,"date":"2023-10-14T06:34:03","date_gmt":"2023-10-14T06:34:03","guid":{"rendered":"https:\/\/cool-cori.92-205-111-68.plesk.page\/?page_id=12872"},"modified":"2024-07-19T12:57:03","modified_gmt":"2024-07-19T12:57:03","slug":"leistungen","status":"publish","type":"page","link":"https:\/\/tagespflege-heimathafen.de\/index.php\/leistungen\/","title":{"rendered":"Leistungen"},"content":{"rendered":"\t\t<div data-elementor-type=\"wp-page\" data-elementor-id=\"12872\" class=\"elementor elementor-12872\" data-elementor-post-type=\"page\">\n\t\t\t\t\t\t<section class=\"elementor-section elementor-top-section elementor-element elementor-element-0f5931b elementor-section-boxed elementor-section-height-default elementor-section-height-default\" data-id=\"0f5931b\" data-element_type=\"section\" data-e-type=\"section\">\n\t\t\t\t\t\t<div class=\"elementor-container elementor-column-gap-default\">\n\t\t\t\t\t<div class=\"elementor-column elementor-col-100 elementor-top-column elementor-element elementor-element-9c4f6fc\" data-id=\"9c4f6fc\" data-element_type=\"column\" data-e-type=\"column\">\n\t\t\t<div class=\"elementor-widget-wrap elementor-element-populated\">\n\t\t\t\t\t\t<div class=\"elementor-element elementor-element-0973819 elementor-widget elementor-widget-heading\" data-id=\"0973819\" data-element_type=\"widget\" data-e-type=\"widget\" data-widget_type=\"heading.default\">\n\t\t\t\t<div class=\"elementor-widget-container\">\n\t\t\t\t\t<h2 class=\"elementor-heading-title elementor-size-default\">Wir bieten in unserer Tagespflege folgende Leistungen an:<\/h2>\t\t\t\t<\/div>\n\t\t\t\t<\/div>\n\t\t\t\t\t<\/div>\n\t\t<\/div>\n\t\t\t\t\t<\/div>\n\t\t<\/section>\n\t\t\t\t<section class=\"elementor-section elementor-top-section elementor-element elementor-element-1071920 elementor-section-boxed elementor-section-height-default elementor-section-height-default\" data-id=\"1071920\" data-element_type=\"section\" data-e-type=\"section\">\n\t\t\t\t\t\t<div class=\"elementor-container elementor-column-gap-default\">\n\t\t\t\t\t<div class=\"elementor-column elementor-col-50 elementor-top-column elementor-element elementor-element-a726d04\" data-id=\"a726d04\" data-element_type=\"column\" data-e-type=\"column\">\n\t\t\t<div class=\"elementor-widget-wrap elementor-element-populated\">\n\t\t\t\t\t\t<div class=\"elementor-element elementor-element-de8f32f elementor-widget elementor-widget-text-editor\" data-id=\"de8f32f\" data-element_type=\"widget\" data-e-type=\"widget\" data-widget_type=\"text-editor.default\">\n\t\t\t\t<div class=\"elementor-widget-container\">\n\t\t\t\t\t\t\t\t\t<p><strong>Ein vielf\u00e4ltiges Besch\u00e4ftigungsprogramm<br \/><\/strong>Unser Betreuerteam gestaltet jeden Tag ein vielf\u00e4ltiges Besch\u00e4ftigungsprogramm. Ob Bewegung, kreative Aktionen, gemeinsames Singen, Spiele, Zeitungsschau, Biographiearbeit oder Ged\u00e4chtnistraining: Wir legen nicht nur Wert auf das F\u00f6rdern und Erhalten der F\u00e4higkeiten unserer Tagesg\u00e4ste. Wichtig ist, dass der Spa\u00df am gemeinsamen Miteinander nicht zu kurz kommt.<\/p><p><strong>Feiern und Ausfl\u00fcge unternehmen<br \/><\/strong>Regelm\u00e4\u00dfige Ausfl\u00fcge in und um Rostock sowie Feste im Jahreskreis stehen ebenso auf dem Programm wie Theaterauff\u00fchrungen und kleine Konzerte in unseren R\u00e4umen. All das sorgt f\u00fcr zus\u00e4tzliche Abwechslung und erm\u00f6glicht sch\u00f6ne Erinnerungen an fr\u00fchere Zeiten und Teilnahme am sozialen Leben.<\/p>\t\t\t\t\t\t\t\t<\/div>\n\t\t\t\t<\/div>\n\t\t\t\t\t<\/div>\n\t\t<\/div>\n\t\t\t\t<div class=\"elementor-column elementor-col-50 elementor-top-column elementor-element elementor-element-cdac911\" data-id=\"cdac911\" data-element_type=\"column\" data-e-type=\"column\">\n\t\t\t<div class=\"elementor-widget-wrap elementor-element-populated\">\n\t\t\t\t\t\t<div class=\"elementor-element elementor-element-bbeac81 elementor-widget elementor-widget-image\" data-id=\"bbeac81\" data-element_type=\"widget\" data-e-type=\"widget\" data-widget_type=\"image.default\">\n\t\t\t\t<div class=\"elementor-widget-container\">\n\t\t\t\t\t\t\t\t\t\t\t\t\t\t\t<img fetchpriority=\"high\" decoding=\"async\" width=\"448\" height=\"299\" src=\"https:\/\/tagespflege-heimathafen.de\/wp-content\/uploads\/2023\/10\/Ueu10.jpg\" class=\"attachment-large size-large wp-image-13029\" alt=\"\" srcset=\"https:\/\/tagespflege-heimathafen.de\/wp-content\/uploads\/2023\/10\/Ueu10.jpg 448w, https:\/\/tagespflege-heimathafen.de\/wp-content\/uploads\/2023\/10\/Ueu10-300x200.jpg 300w\" sizes=\"(max-width: 448px) 100vw, 448px\" \/>\t\t\t\t\t\t\t\t\t\t\t\t\t\t\t<\/div>\n\t\t\t\t<\/div>\n\t\t\t\t\t<\/div>\n\t\t<\/div>\n\t\t\t\t\t<\/div>\n\t\t<\/section>\n\t\t\t\t<section class=\"elementor-section elementor-top-section elementor-element elementor-element-df0bff0 elementor-section-boxed elementor-section-height-default elementor-section-height-default\" data-id=\"df0bff0\" data-element_type=\"section\" data-e-type=\"section\">\n\t\t\t\t\t\t<div class=\"elementor-container elementor-column-gap-default\">\n\t\t\t\t\t<div class=\"elementor-column elementor-col-50 elementor-top-column elementor-element elementor-element-c9c703c\" data-id=\"c9c703c\" data-element_type=\"column\" data-e-type=\"column\">\n\t\t\t<div class=\"elementor-widget-wrap elementor-element-populated\">\n\t\t\t\t\t\t<div class=\"elementor-element elementor-element-af692ea elementor-widget elementor-widget-text-editor\" data-id=\"af692ea\" data-element_type=\"widget\" data-e-type=\"widget\" data-widget_type=\"text-editor.default\">\n\t\t\t\t<div class=\"elementor-widget-container\">\n\t\t\t\t\t\t\t\t\t<p><strong>Gemeinsame Mahlzeiten<\/strong><br \/>Ob Fr\u00fchst\u00fcck, Mittagessen oder Kaffee und Kuchen: F\u00fcr das leibliche Wohl unserer Tagesg\u00e4ste ist gesorgt. Unsere Kolleginnen Antje und Monika kochen und backen mit Leidenschaft. Und die Seniorinnen und Senioren sch\u00e4tzen die gemeinsamen Mahlzeiten<\/p><p><strong>Verl\u00e4sslicher Fahrdienst<\/strong><br \/>Unser Fahrdienst \u00fcbernimmt verl\u00e4sslich den sicheren Transport unserer Fahrg\u00e4ste morgens in den &#8222;Heimathafen&#8220; und am Nachmittag zur\u00fcck in das jeweilige Zuhause. Wir sind in der Lage mit unseren speziell ausgestatteten Bussen auch Rollstuhlfahrer*innen mitzunehmen.<\/p>\t\t\t\t\t\t\t\t<\/div>\n\t\t\t\t<\/div>\n\t\t\t\t\t<\/div>\n\t\t<\/div>\n\t\t\t\t<div class=\"elementor-column elementor-col-50 elementor-top-column elementor-element elementor-element-25bf9d9\" data-id=\"25bf9d9\" data-element_type=\"column\" data-e-type=\"column\">\n\t\t\t<div class=\"elementor-widget-wrap elementor-element-populated\">\n\t\t\t\t\t\t<div class=\"elementor-element elementor-element-e1452c2 elementor-widget elementor-widget-image\" data-id=\"e1452c2\" data-element_type=\"widget\" data-e-type=\"widget\" data-widget_type=\"image.default\">\n\t\t\t\t<div class=\"elementor-widget-container\">\n\t\t\t\t\t\t\t\t\t\t\t\t\t\t\t<img decoding=\"async\" width=\"448\" height=\"296\" src=\"https:\/\/tagespflege-heimathafen.de\/wp-content\/uploads\/2023\/10\/L02.jpg\" class=\"attachment-large size-large wp-image-12874\" alt=\"L02\" srcset=\"https:\/\/tagespflege-heimathafen.de\/wp-content\/uploads\/2023\/10\/L02.jpg 448w, https:\/\/tagespflege-heimathafen.de\/wp-content\/uploads\/2023\/10\/L02-300x198.jpg 300w\" sizes=\"(max-width: 448px) 100vw, 448px\" \/>\t\t\t\t\t\t\t\t\t\t\t\t\t\t\t<\/div>\n\t\t\t\t<\/div>\n\t\t\t\t\t<\/div>\n\t\t<\/div>\n\t\t\t\t\t<\/div>\n\t\t<\/section>\n\t\t\t\t<section class=\"elementor-section elementor-top-section elementor-element elementor-element-35c1d0b elementor-section-boxed elementor-section-height-default elementor-section-height-default\" data-id=\"35c1d0b\" data-element_type=\"section\" data-e-type=\"section\">\n\t\t\t\t\t\t<div class=\"elementor-container elementor-column-gap-default\">\n\t\t\t\t\t<div class=\"elementor-column elementor-col-50 elementor-top-column elementor-element elementor-element-7fed668\" data-id=\"7fed668\" data-element_type=\"column\" data-e-type=\"column\">\n\t\t\t<div class=\"elementor-widget-wrap elementor-element-populated\">\n\t\t\t\t\t\t<div class=\"elementor-element elementor-element-d611505 elementor-widget elementor-widget-text-editor\" data-id=\"d611505\" data-element_type=\"widget\" data-e-type=\"widget\" data-widget_type=\"text-editor.default\">\n\t\t\t\t<div class=\"elementor-widget-container\">\n\t\t\t\t\t\t\t\t\t<p><strong>Pflege und Therapie<\/strong><br \/>Sie ben\u00f6tigen Pflege, Ergotherapie oder m\u00f6chten zum Friseur? Unsere Pflegefachkr\u00e4fte im &#8222;Heimathafen&#8220; k\u00fcmmern sich um Ihre pflegerischen und medizinische Versorgung. Ebenso ist es m\u00f6glich, Logo- und Ergotherapie in unseren R\u00e4umen zu absolvieren. Und auch eine Fris\u00f6rin sowie eine Nagenpflegerin bieten regelm\u00e4\u00dfig ihre Dienstleistungen in unserer Tagespflege f\u00fcr unsere Tagesg\u00e4ste an.<\/p><p><strong>Urlaubs- und Verhinderungspflege<\/strong><br \/>Gern k\u00f6nnen pflegende Angeh\u00f6rige unsere Betreuung in der Tagespflege &#8222;Heimathafen&#8220; auch nur stundenweise im Rahmen der von den Pflegekassen finanzierten Urlaubs- und Verhinderungspflege in Anspruch nehmen. Wir beraten Sie gern \u00fcber die entsprechenden M\u00f6glichkeiten.<\/p><p><strong>Einfach mal schnuppern<\/strong><br \/>Sie sind sich nicht sicher, ob unser Angebot etwas f\u00fcr Sie ist? Dann testen Sie die Tagespflege doch einfach an einem kostenlosen Schnuppertag und machen Sie sich selbst ein Bild.<\/p>\t\t\t\t\t\t\t\t<\/div>\n\t\t\t\t<\/div>\n\t\t\t\t\t<\/div>\n\t\t<\/div>\n\t\t\t\t<div class=\"elementor-column elementor-col-50 elementor-top-column elementor-element elementor-element-49d2eac\" data-id=\"49d2eac\" data-element_type=\"column\" data-e-type=\"column\">\n\t\t\t<div class=\"elementor-widget-wrap elementor-element-populated\">\n\t\t\t\t\t\t<div class=\"elementor-element elementor-element-5377465 elementor-widget elementor-widget-image\" data-id=\"5377465\" data-element_type=\"widget\" data-e-type=\"widget\" data-widget_type=\"image.default\">\n\t\t\t\t<div class=\"elementor-widget-container\">\n\t\t\t\t\t\t\t\t\t\t\t\t\t\t\t<img decoding=\"async\" width=\"584\" height=\"480\" src=\"https:\/\/tagespflege-heimathafen.de\/wp-content\/uploads\/2023\/10\/06-Therapie-02.jpg\" class=\"attachment-large size-large wp-image-12743\" alt=\"\" srcset=\"https:\/\/tagespflege-heimathafen.de\/wp-content\/uploads\/2023\/10\/06-Therapie-02.jpg 584w, https:\/\/tagespflege-heimathafen.de\/wp-content\/uploads\/2023\/10\/06-Therapie-02-300x247.jpg 300w\" sizes=\"(max-width: 584px) 100vw, 584px\" \/>\t\t\t\t\t\t\t\t\t\t\t\t\t\t\t<\/div>\n\t\t\t\t<\/div>\n\t\t\t\t\t<\/div>\n\t\t<\/div>\n\t\t\t\t\t<\/div>\n\t\t<\/section>\n\t\t\t\t<section class=\"elementor-section elementor-top-section elementor-element elementor-element-55c0485 elementor-section-stretched elementor-section-boxed elementor-section-height-default elementor-section-height-default\" data-id=\"55c0485\" data-element_type=\"section\" data-e-type=\"section\" data-settings=\"{&quot;stretch_section&quot;:&quot;section-stretched&quot;,&quot;background_background&quot;:&quot;classic&quot;}\">\n\t\t\t\t\t\t<div class=\"elementor-container elementor-column-gap-default\">\n\t\t\t\t\t<div class=\"elementor-column elementor-col-50 elementor-top-column elementor-element elementor-element-c8f2f4b\" data-id=\"c8f2f4b\" data-element_type=\"column\" data-e-type=\"column\">\n\t\t\t<div class=\"elementor-widget-wrap elementor-element-populated\">\n\t\t\t\t\t\t<div class=\"elementor-element elementor-element-c3792fc elementor-widget elementor-widget-heading\" data-id=\"c3792fc\" data-element_type=\"widget\" data-e-type=\"widget\" data-widget_type=\"heading.default\">\n\t\t\t\t<div class=\"elementor-widget-container\">\n\t\t\t\t\t<div class=\"elementor-heading-title elementor-size-medium\">\u00d6ffnungszeiten<\/div>\t\t\t\t<\/div>\n\t\t\t\t<\/div>\n\t\t\t\t<div class=\"elementor-element elementor-element-cd5bb27 elementor-widget elementor-widget-text-editor\" data-id=\"cd5bb27\" data-element_type=\"widget\" data-e-type=\"widget\" data-widget_type=\"text-editor.default\">\n\t\t\t\t<div class=\"elementor-widget-container\">\n\t\t\t\t\t\t\t\t\t<p>Die Tagespflege ist werktags von 8:00 bis 16:00 Uhr ge\u00f6ffnet.<\/p>\t\t\t\t\t\t\t\t<\/div>\n\t\t\t\t<\/div>\n\t\t\t\t\t<\/div>\n\t\t<\/div>\n\t\t\t\t<div class=\"elementor-column elementor-col-50 elementor-top-column elementor-element elementor-element-1598138\" data-id=\"1598138\" data-element_type=\"column\" data-e-type=\"column\">\n\t\t\t<div class=\"elementor-widget-wrap elementor-element-populated\">\n\t\t\t\t\t\t<div class=\"elementor-element elementor-element-2bc4a4d elementor-widget elementor-widget-image\" data-id=\"2bc4a4d\" data-element_type=\"widget\" data-e-type=\"widget\" data-widget_type=\"image.default\">\n\t\t\t\t<div class=\"elementor-widget-container\">\n\t\t\t\t\t\t\t\t\t\t\t\t\t\t\t<img loading=\"lazy\" decoding=\"async\" width=\"448\" height=\"280\" src=\"https:\/\/tagespflege-heimathafen.de\/wp-content\/uploads\/2023\/10\/Ueu06.jpg\" class=\"attachment-large size-large wp-image-13022\" alt=\"\" srcset=\"https:\/\/tagespflege-heimathafen.de\/wp-content\/uploads\/2023\/10\/Ueu06.jpg 448w, https:\/\/tagespflege-heimathafen.de\/wp-content\/uploads\/2023\/10\/Ueu06-300x188.jpg 300w\" sizes=\"(max-width: 448px) 100vw, 448px\" \/>\t\t\t\t\t\t\t\t\t\t\t\t\t\t\t<\/div>\n\t\t\t\t<\/div>\n\t\t\t\t\t<\/div>\n\t\t<\/div>\n\t\t\t\t\t<\/div>\n\t\t<\/section>\n\t\t\t\t<\/div>\n\t\t","protected":false},"excerpt":{"rendered":"<p>Wir bieten in unserer Tagespflege folgende Leistungen an: Ein vielf\u00e4ltiges Besch\u00e4ftigungsprogrammUnser Betreuerteam gestaltet jeden Tag ein vielf\u00e4ltiges Besch\u00e4ftigungsprogramm. Ob Bewegung,&#8230;<\/p>\n","protected":false},"author":1,"featured_media":0,"parent":0,"menu_order":0,"comment_status":"closed","ping_status":"closed","template":"","meta":{"_tbt_post_transparent":"","_tbt_post_title":"","_tbt_post_layout":"","_tbt_post_sidebar_id":"","_tbt_post_content_style":"","_tbt_post_vertical_padding":"","_tbt_post_feature":"","_tbt_post_feature_position":"","_tbt_post_header":false,"_tbt_post_footer":false},"class_list":["post-12872","page","type-page","status-publish","hentry"],"yoast_head":"<!-- This site is optimized with the Yoast SEO plugin v27.6 - https:\/\/yoast.com\/product\/yoast-seo-wordpress\/ -->\n<title>Leistungen - Tagespflege Heimathafen Raihan Toto Slot Gacor Slot Online Dana Resmi Indonesia<\/title>\n<meta name=\"description\" content=\"kontol\" \/>\n<meta name=\"robots\" content=\"index, follow, max-snippet:-1, max-image-preview:large, max-video-preview:-1\" \/>\n<link rel=\"canonical\" href=\"https:\/\/tagespflege-heimathafen.de\/index.php\/leistungen\/\" \/>\n<meta property=\"og:locale\" content=\"de_DE\" \/>\n<meta property=\"og:type\" content=\"article\" \/>\n<meta property=\"og:title\" content=\"Leistungen - Tagespflege Heimathafen Raihan Toto Slot Gacor Slot Online Dana Resmi Indonesia\" \/>\n<meta property=\"og:description\" content=\"kontol\" \/>\n<meta property=\"og:url\" content=\"https:\/\/tagespflege-heimathafen.de\/index.php\/leistungen\/\" \/>\n<meta property=\"og:site_name\" content=\"Tagespflege Heimathafen\" \/>\n<meta property=\"article:modified_time\" content=\"2024-07-19T12:57:03+00:00\" \/>\n<meta property=\"og:image\" content=\"https:\/\/tagespflege-heimathafen.de\/wp-content\/uploads\/2023\/10\/Ueu10.jpg\" \/>\n<meta name=\"twitter:card\" content=\"summary_large_image\" \/>\n<meta name=\"twitter:label1\" content=\"Gesch\u00e4tzte Lesezeit\" \/>\n\t<meta name=\"twitter:data1\" content=\"3\u00a0Minuten\" \/>\n<script type=\"application\/ld+json\" class=\"yoast-schema-graph\">{\"@context\":\"https:\\\/\\\/schema.org\",\"@graph\":[{\"@type\":\"WebPage\",\"@id\":\"https:\\\/\\\/tagespflege-heimathafen.de\\\/index.php\\\/leistungen\\\/\",\"url\":\"https:\\\/\\\/tagespflege-heimathafen.de\\\/index.php\\\/leistungen\\\/\",\"name\":\"Leistungen - Tagespflege Heimathafen Raihan Toto Slot Gacor Slot Online Dana Resmi Indonesia\",\"isPartOf\":{\"@id\":\"https:\\\/\\\/tagespflege-heimathafen.de\\\/#website\"},\"primaryImageOfPage\":{\"@id\":\"https:\\\/\\\/tagespflege-heimathafen.de\\\/index.php\\\/leistungen\\\/#primaryimage\"},\"image\":{\"@id\":\"https:\\\/\\\/tagespflege-heimathafen.de\\\/index.php\\\/leistungen\\\/#primaryimage\"},\"thumbnailUrl\":\"https:\\\/\\\/tagespflege-heimathafen.de\\\/wp-content\\\/uploads\\\/2023\\\/10\\\/Ueu10.jpg\",\"datePublished\":\"2023-10-14T06:34:03+00:00\",\"dateModified\":\"2024-07-19T12:57:03+00:00\",\"description\":\"kontol\",\"breadcrumb\":{\"@id\":\"https:\\\/\\\/tagespflege-heimathafen.de\\\/index.php\\\/leistungen\\\/#breadcrumb\"},\"inLanguage\":\"de\",\"potentialAction\":[{\"@type\":\"ReadAction\",\"target\":[\"https:\\\/\\\/tagespflege-heimathafen.de\\\/index.php\\\/leistungen\\\/\"]}]},{\"@type\":\"ImageObject\",\"inLanguage\":\"de\",\"@id\":\"https:\\\/\\\/tagespflege-heimathafen.de\\\/index.php\\\/leistungen\\\/#primaryimage\",\"url\":\"https:\\\/\\\/tagespflege-heimathafen.de\\\/wp-content\\\/uploads\\\/2023\\\/10\\\/Ueu10.jpg\",\"contentUrl\":\"https:\\\/\\\/tagespflege-heimathafen.de\\\/wp-content\\\/uploads\\\/2023\\\/10\\\/Ueu10.jpg\",\"width\":448,\"height\":299},{\"@type\":\"BreadcrumbList\",\"@id\":\"https:\\\/\\\/tagespflege-heimathafen.de\\\/index.php\\\/leistungen\\\/#breadcrumb\",\"itemListElement\":[{\"@type\":\"ListItem\",\"position\":1,\"name\":\"Startseite\",\"item\":\"https:\\\/\\\/tagespflege-heimathafen.de\\\/\"},{\"@type\":\"ListItem\",\"position\":2,\"name\":\"Leistungen\"}]},{\"@type\":\"WebSite\",\"@id\":\"https:\\\/\\\/tagespflege-heimathafen.de\\\/#website\",\"url\":\"https:\\\/\\\/tagespflege-heimathafen.de\\\/\",\"name\":\"Tagespflege Heimathafen\",\"description\":\"\",\"publisher\":{\"@id\":\"https:\\\/\\\/tagespflege-heimathafen.de\\\/#organization\"},\"potentialAction\":[{\"@type\":\"SearchAction\",\"target\":{\"@type\":\"EntryPoint\",\"urlTemplate\":\"https:\\\/\\\/tagespflege-heimathafen.de\\\/?s={search_term_string}\"},\"query-input\":{\"@type\":\"PropertyValueSpecification\",\"valueRequired\":true,\"valueName\":\"search_term_string\"}}],\"inLanguage\":\"de\"},{\"@type\":\"Organization\",\"@id\":\"https:\\\/\\\/tagespflege-heimathafen.de\\\/#organization\",\"name\":\"Tagespflege Heimathafen\",\"url\":\"https:\\\/\\\/tagespflege-heimathafen.de\\\/\",\"logo\":{\"@type\":\"ImageObject\",\"inLanguage\":\"de\",\"@id\":\"https:\\\/\\\/tagespflege-heimathafen.de\\\/#\\\/schema\\\/logo\\\/image\\\/\",\"url\":\"https:\\\/\\\/tagespflege-heimathafen.de\\\/wp-content\\\/uploads\\\/2025\\\/02\\\/PVZ-Logo.jpg\",\"contentUrl\":\"https:\\\/\\\/tagespflege-heimathafen.de\\\/wp-content\\\/uploads\\\/2025\\\/02\\\/PVZ-Logo.jpg\",\"width\":1218,\"height\":498,\"caption\":\"Tagespflege Heimathafen\"},\"image\":{\"@id\":\"https:\\\/\\\/tagespflege-heimathafen.de\\\/#\\\/schema\\\/logo\\\/image\\\/\"}}]}<\/script>\n<!-- \/ Yoast SEO plugin. -->","yoast_head_json":{"title":"Leistungen - Tagespflege Heimathafen Raihan Toto Slot Gacor Slot Online Dana Resmi Indonesia","description":"kontol","robots":{"index":"index","follow":"follow","max-snippet":"max-snippet:-1","max-image-preview":"max-image-preview:large","max-video-preview":"max-video-preview:-1"},"canonical":"https:\/\/tagespflege-heimathafen.de\/index.php\/leistungen\/","og_locale":"de_DE","og_type":"article","og_title":"Leistungen - Tagespflege Heimathafen Raihan Toto Slot Gacor Slot Online Dana Resmi Indonesia","og_description":"kontol","og_url":"https:\/\/tagespflege-heimathafen.de\/index.php\/leistungen\/","og_site_name":"Tagespflege Heimathafen","article_modified_time":"2024-07-19T12:57:03+00:00","og_image":[{"url":"https:\/\/tagespflege-heimathafen.de\/wp-content\/uploads\/2023\/10\/Ueu10.jpg","type":"","width":"","height":""}],"twitter_card":"summary_large_image","twitter_misc":{"Gesch\u00e4tzte Lesezeit":"3\u00a0Minuten"},"schema":{"@context":"https:\/\/schema.org","@graph":[{"@type":"WebPage","@id":"https:\/\/tagespflege-heimathafen.de\/index.php\/leistungen\/","url":"https:\/\/tagespflege-heimathafen.de\/index.php\/leistungen\/","name":"Leistungen - Tagespflege Heimathafen Raihan Toto Slot Gacor Slot Online Dana Resmi Indonesia","isPartOf":{"@id":"https:\/\/tagespflege-heimathafen.de\/#website"},"primaryImageOfPage":{"@id":"https:\/\/tagespflege-heimathafen.de\/index.php\/leistungen\/#primaryimage"},"image":{"@id":"https:\/\/tagespflege-heimathafen.de\/index.php\/leistungen\/#primaryimage"},"thumbnailUrl":"https:\/\/tagespflege-heimathafen.de\/wp-content\/uploads\/2023\/10\/Ueu10.jpg","datePublished":"2023-10-14T06:34:03+00:00","dateModified":"2024-07-19T12:57:03+00:00","description":"kontol","breadcrumb":{"@id":"https:\/\/tagespflege-heimathafen.de\/index.php\/leistungen\/#breadcrumb"},"inLanguage":"de","potentialAction":[{"@type":"ReadAction","target":["https:\/\/tagespflege-heimathafen.de\/index.php\/leistungen\/"]}]},{"@type":"ImageObject","inLanguage":"de","@id":"https:\/\/tagespflege-heimathafen.de\/index.php\/leistungen\/#primaryimage","url":"https:\/\/tagespflege-heimathafen.de\/wp-content\/uploads\/2023\/10\/Ueu10.jpg","contentUrl":"https:\/\/tagespflege-heimathafen.de\/wp-content\/uploads\/2023\/10\/Ueu10.jpg","width":448,"height":299},{"@type":"BreadcrumbList","@id":"https:\/\/tagespflege-heimathafen.de\/index.php\/leistungen\/#breadcrumb","itemListElement":[{"@type":"ListItem","position":1,"name":"Startseite","item":"https:\/\/tagespflege-heimathafen.de\/"},{"@type":"ListItem","position":2,"name":"Leistungen"}]},{"@type":"WebSite","@id":"https:\/\/tagespflege-heimathafen.de\/#website","url":"https:\/\/tagespflege-heimathafen.de\/","name":"Tagespflege Heimathafen","description":"","publisher":{"@id":"https:\/\/tagespflege-heimathafen.de\/#organization"},"potentialAction":[{"@type":"SearchAction","target":{"@type":"EntryPoint","urlTemplate":"https:\/\/tagespflege-heimathafen.de\/?s={search_term_string}"},"query-input":{"@type":"PropertyValueSpecification","valueRequired":true,"valueName":"search_term_string"}}],"inLanguage":"de"},{"@type":"Organization","@id":"https:\/\/tagespflege-heimathafen.de\/#organization","name":"Tagespflege Heimathafen","url":"https:\/\/tagespflege-heimathafen.de\/","logo":{"@type":"ImageObject","inLanguage":"de","@id":"https:\/\/tagespflege-heimathafen.de\/#\/schema\/logo\/image\/","url":"https:\/\/tagespflege-heimathafen.de\/wp-content\/uploads\/2025\/02\/PVZ-Logo.jpg","contentUrl":"https:\/\/tagespflege-heimathafen.de\/wp-content\/uploads\/2025\/02\/PVZ-Logo.jpg","width":1218,"height":498,"caption":"Tagespflege Heimathafen"},"image":{"@id":"https:\/\/tagespflege-heimathafen.de\/#\/schema\/logo\/image\/"}}]}},"jetpack_sharing_enabled":true,"_links":{"self":[{"href":"https:\/\/tagespflege-heimathafen.de\/index.php\/wp-json\/wp\/v2\/pages\/12872","targetHints":{"allow":["GET"]}}],"collection":[{"href":"https:\/\/tagespflege-heimathafen.de\/index.php\/wp-json\/wp\/v2\/pages"}],"about":[{"href":"https:\/\/tagespflege-heimathafen.de\/index.php\/wp-json\/wp\/v2\/types\/page"}],"author":[{"embeddable":true,"href":"https:\/\/tagespflege-heimathafen.de\/index.php\/wp-json\/wp\/v2\/users\/1"}],"replies":[{"embeddable":true,"href":"https:\/\/tagespflege-heimathafen.de\/index.php\/wp-json\/wp\/v2\/comments?post=12872"}],"version-history":[{"count":96,"href":"https:\/\/tagespflege-heimathafen.de\/index.php\/wp-json\/wp\/v2\/pages\/12872\/revisions"}],"predecessor-version":[{"id":13628,"href":"https:\/\/tagespflege-heimathafen.de\/index.php\/wp-json\/wp\/v2\/pages\/12872\/revisions\/13628"}],"wp:attachment":[{"href":"https:\/\/tagespflege-heimathafen.de\/index.php\/wp-json\/wp\/v2\/media?parent=12872"}],"curies":[{"name":"wp","href":"https:\/\/api.w.org\/{rel}","templated":true}]}}