{"id":12826,"date":"2023-10-14T05:33:49","date_gmt":"2023-10-14T05:33:49","guid":{"rendered":"https:\/\/cool-cori.92-205-111-68.plesk.page\/?page_id=12826"},"modified":"2024-07-19T13:05:36","modified_gmt":"2024-07-19T13:05:36","slug":"raeumlichkeiten","status":"publish","type":"page","link":"https:\/\/tagespflege-heimathafen.de\/index.php\/raeumlichkeiten\/","title":{"rendered":"R\u00e4umlichkeiten"},"content":{"rendered":"\t\t<div data-elementor-type=\"wp-page\" data-elementor-id=\"12826\" class=\"elementor elementor-12826\" data-elementor-post-type=\"page\">\n\t\t\t\t\t\t<section class=\"elementor-section elementor-top-section elementor-element elementor-element-4ba0543 elementor-section-boxed elementor-section-height-default elementor-section-height-default\" data-id=\"4ba0543\" data-element_type=\"section\" data-e-type=\"section\">\n\t\t\t\t\t\t<div class=\"elementor-container elementor-column-gap-default\">\n\t\t\t\t\t<div class=\"elementor-column elementor-col-100 elementor-top-column elementor-element elementor-element-38978af\" data-id=\"38978af\" data-element_type=\"column\" data-e-type=\"column\">\n\t\t\t<div class=\"elementor-widget-wrap elementor-element-populated\">\n\t\t\t\t\t\t<div class=\"elementor-element elementor-element-621a916 elementor-widget elementor-widget-heading\" data-id=\"621a916\" data-element_type=\"widget\" data-e-type=\"widget\" data-widget_type=\"heading.default\">\n\t\t\t\t<div class=\"elementor-widget-container\">\n\t\t\t\t\t<h2 class=\"elementor-heading-title elementor-size-default\">Einblicke in den \"Heimathafen\"<\/h2>\t\t\t\t<\/div>\n\t\t\t\t<\/div>\n\t\t\t\t\t<\/div>\n\t\t<\/div>\n\t\t\t\t\t<\/div>\n\t\t<\/section>\n\t\t\t\t<section class=\"elementor-section elementor-top-section elementor-element elementor-element-316c1e8 elementor-section-boxed elementor-section-height-default elementor-section-height-default\" data-id=\"316c1e8\" data-element_type=\"section\" data-e-type=\"section\">\n\t\t\t\t\t\t<div class=\"elementor-container elementor-column-gap-default\">\n\t\t\t\t\t<div class=\"elementor-column elementor-col-100 elementor-top-column elementor-element elementor-element-ac73287\" data-id=\"ac73287\" data-element_type=\"column\" data-e-type=\"column\">\n\t\t\t<div class=\"elementor-widget-wrap elementor-element-populated\">\n\t\t\t\t\t\t<div class=\"elementor-element elementor-element-d6f4ad3 elementor-widget elementor-widget-text-editor\" data-id=\"d6f4ad3\" data-element_type=\"widget\" data-e-type=\"widget\" data-widget_type=\"text-editor.default\">\n\t\t\t\t<div class=\"elementor-widget-container\">\n\t\t\t\t\t\t\t\t\t<p>Unser &#8222;Heimathafen&#8220; befindet sich am Werftdreieck in Rostock, nur ein paar Schritte von der Warnow entfernt. Unsere R\u00e4umlichkeiten sind\u00a0 gro\u00dfz\u00fcgig und hell. Mit hochwertigen Naturholzm\u00f6beln und einer warmen, freundlichen Gestaltung und liebevoller Dekoration haben wir f\u00fcr unsere Tagesg\u00e4ste ein wohnliches Ambiente mit Wohlf\u00fchlfaktor geschaffen. Neben einem gro\u00dfen Aufenthaltsraum mit verschiedenen Sitzbereichen und offener K\u00fcche gibt es unter anderem einen Therapieraum sowie einen Ruheraum. Die R\u00e4umlichkeiten sind ebenerdig und behindertengerecht eingerichtet.<\/p>\t\t\t\t\t\t\t\t<\/div>\n\t\t\t\t<\/div>\n\t\t\t\t\t<\/div>\n\t\t<\/div>\n\t\t\t\t\t<\/div>\n\t\t<\/section>\n\t\t\t\t<section class=\"elementor-section elementor-top-section elementor-element elementor-element-9e75f6c elementor-section-boxed elementor-section-height-default elementor-section-height-default\" data-id=\"9e75f6c\" data-element_type=\"section\" data-e-type=\"section\">\n\t\t\t\t\t\t<div class=\"elementor-container elementor-column-gap-default\">\n\t\t\t\t\t<div class=\"elementor-column elementor-col-100 elementor-top-column elementor-element elementor-element-a112ea2\" data-id=\"a112ea2\" data-element_type=\"column\" data-e-type=\"column\">\n\t\t\t<div class=\"elementor-widget-wrap elementor-element-populated\">\n\t\t\t\t\t\t<div class=\"elementor-element elementor-element-709c933 elementor-widget elementor-widget-spacer\" data-id=\"709c933\" data-element_type=\"widget\" data-e-type=\"widget\" data-widget_type=\"spacer.default\">\n\t\t\t\t<div class=\"elementor-widget-container\">\n\t\t\t\t\t\t\t<div class=\"elementor-spacer\">\n\t\t\t<div class=\"elementor-spacer-inner\"><\/div>\n\t\t<\/div>\n\t\t\t\t\t\t<\/div>\n\t\t\t\t<\/div>\n\t\t\t\t\t<\/div>\n\t\t<\/div>\n\t\t\t\t\t<\/div>\n\t\t<\/section>\n\t\t\t\t<section class=\"elementor-section elementor-top-section elementor-element elementor-element-28ed152 elementor-section-boxed elementor-section-height-default elementor-section-height-default\" data-id=\"28ed152\" data-element_type=\"section\" data-e-type=\"section\">\n\t\t\t\t\t\t<div class=\"elementor-container elementor-column-gap-default\">\n\t\t\t\t\t<div class=\"elementor-column elementor-col-100 elementor-top-column elementor-element elementor-element-6e68fc6\" data-id=\"6e68fc6\" data-element_type=\"column\" data-e-type=\"column\">\n\t\t\t<div class=\"elementor-widget-wrap elementor-element-populated\">\n\t\t\t\t\t\t<div class=\"elementor-element elementor-element-6fee771 elementor-widget elementor-widget-image\" data-id=\"6fee771\" data-element_type=\"widget\" data-e-type=\"widget\" data-widget_type=\"image.default\">\n\t\t\t\t<div class=\"elementor-widget-container\">\n\t\t\t\t\t\t\t\t\t\t\t\t\t\t\t<img fetchpriority=\"high\" decoding=\"async\" width=\"994\" height=\"412\" src=\"https:\/\/tagespflege-heimathafen.de\/wp-content\/uploads\/2023\/10\/R_Raum.jpg\" class=\"attachment-large size-large wp-image-13063\" alt=\"\" srcset=\"https:\/\/tagespflege-heimathafen.de\/wp-content\/uploads\/2023\/10\/R_Raum.jpg 994w, https:\/\/tagespflege-heimathafen.de\/wp-content\/uploads\/2023\/10\/R_Raum-300x124.jpg 300w, https:\/\/tagespflege-heimathafen.de\/wp-content\/uploads\/2023\/10\/R_Raum-768x318.jpg 768w\" sizes=\"(max-width: 994px) 100vw, 994px\" \/>\t\t\t\t\t\t\t\t\t\t\t\t\t\t\t<\/div>\n\t\t\t\t<\/div>\n\t\t\t\t\t<\/div>\n\t\t<\/div>\n\t\t\t\t\t<\/div>\n\t\t<\/section>\n\t\t\t\t<section class=\"elementor-section elementor-top-section elementor-element elementor-element-e151a4d elementor-section-boxed elementor-section-height-default elementor-section-height-default\" data-id=\"e151a4d\" data-element_type=\"section\" data-e-type=\"section\">\n\t\t\t\t\t\t<div class=\"elementor-container elementor-column-gap-default\">\n\t\t\t\t\t<div class=\"elementor-column elementor-col-100 elementor-top-column elementor-element elementor-element-4ec6edb\" data-id=\"4ec6edb\" data-element_type=\"column\" data-e-type=\"column\">\n\t\t\t<div class=\"elementor-widget-wrap elementor-element-populated\">\n\t\t\t\t\t\t<div class=\"elementor-element elementor-element-1703b73 elementor-widget elementor-widget-spacer\" data-id=\"1703b73\" data-element_type=\"widget\" data-e-type=\"widget\" data-widget_type=\"spacer.default\">\n\t\t\t\t<div class=\"elementor-widget-container\">\n\t\t\t\t\t\t\t<div class=\"elementor-spacer\">\n\t\t\t<div class=\"elementor-spacer-inner\"><\/div>\n\t\t<\/div>\n\t\t\t\t\t\t<\/div>\n\t\t\t\t<\/div>\n\t\t\t\t\t<\/div>\n\t\t<\/div>\n\t\t\t\t\t<\/div>\n\t\t<\/section>\n\t\t\t\t<section class=\"elementor-section elementor-top-section elementor-element elementor-element-5fe4daa elementor-section-boxed elementor-section-height-default elementor-section-height-default\" data-id=\"5fe4daa\" data-element_type=\"section\" data-e-type=\"section\">\n\t\t\t\t\t\t<div class=\"elementor-container elementor-column-gap-default\">\n\t\t\t\t\t<div class=\"elementor-column elementor-col-50 elementor-top-column elementor-element elementor-element-6d16a6d\" data-id=\"6d16a6d\" data-element_type=\"column\" data-e-type=\"column\">\n\t\t\t<div class=\"elementor-widget-wrap elementor-element-populated\">\n\t\t\t\t\t\t<div class=\"elementor-element elementor-element-749eb0f elementor-widget elementor-widget-image\" data-id=\"749eb0f\" data-element_type=\"widget\" data-e-type=\"widget\" data-widget_type=\"image.default\">\n\t\t\t\t<div class=\"elementor-widget-container\">\n\t\t\t\t\t\t\t\t\t\t\t\t\t\t\t<img decoding=\"async\" width=\"640\" height=\"416\" src=\"https:\/\/tagespflege-heimathafen.de\/wp-content\/uploads\/2024\/07\/TP-Ruheraum.jpg\" class=\"attachment-large size-large wp-image-13431\" alt=\"\" srcset=\"https:\/\/tagespflege-heimathafen.de\/wp-content\/uploads\/2024\/07\/TP-Ruheraum.jpg 640w, https:\/\/tagespflege-heimathafen.de\/wp-content\/uploads\/2024\/07\/TP-Ruheraum-300x195.jpg 300w\" sizes=\"(max-width: 640px) 100vw, 640px\" \/>\t\t\t\t\t\t\t\t\t\t\t\t\t\t\t<\/div>\n\t\t\t\t<\/div>\n\t\t\t\t\t<\/div>\n\t\t<\/div>\n\t\t\t\t<div class=\"elementor-column elementor-col-50 elementor-top-column elementor-element elementor-element-78ebe58\" data-id=\"78ebe58\" data-element_type=\"column\" data-e-type=\"column\">\n\t\t\t<div class=\"elementor-widget-wrap elementor-element-populated\">\n\t\t\t\t\t\t<div class=\"elementor-element elementor-element-8b3ea46 elementor-widget elementor-widget-image\" data-id=\"8b3ea46\" data-element_type=\"widget\" data-e-type=\"widget\" data-widget_type=\"image.default\">\n\t\t\t\t<div class=\"elementor-widget-container\">\n\t\t\t\t\t\t\t\t\t\t\t\t\t\t\t<img decoding=\"async\" width=\"640\" height=\"427\" src=\"https:\/\/tagespflege-heimathafen.de\/wp-content\/uploads\/2024\/07\/TP-Kissen.jpg\" class=\"attachment-large size-large wp-image-13426\" alt=\"\" srcset=\"https:\/\/tagespflege-heimathafen.de\/wp-content\/uploads\/2024\/07\/TP-Kissen.jpg 640w, https:\/\/tagespflege-heimathafen.de\/wp-content\/uploads\/2024\/07\/TP-Kissen-300x200.jpg 300w\" sizes=\"(max-width: 640px) 100vw, 640px\" \/>\t\t\t\t\t\t\t\t\t\t\t\t\t\t\t<\/div>\n\t\t\t\t<\/div>\n\t\t\t\t\t<\/div>\n\t\t<\/div>\n\t\t\t\t\t<\/div>\n\t\t<\/section>\n\t\t\t\t<section class=\"elementor-section elementor-top-section elementor-element elementor-element-1d4cd11 elementor-section-boxed elementor-section-height-default elementor-section-height-default\" data-id=\"1d4cd11\" data-element_type=\"section\" data-e-type=\"section\">\n\t\t\t\t\t\t<div class=\"elementor-container elementor-column-gap-default\">\n\t\t\t\t\t<div class=\"elementor-column elementor-col-100 elementor-top-column elementor-element elementor-element-a1491f3\" data-id=\"a1491f3\" data-element_type=\"column\" data-e-type=\"column\">\n\t\t\t<div class=\"elementor-widget-wrap elementor-element-populated\">\n\t\t\t\t\t\t<div class=\"elementor-element elementor-element-b9ad4d3 elementor-widget elementor-widget-spacer\" data-id=\"b9ad4d3\" data-element_type=\"widget\" data-e-type=\"widget\" data-widget_type=\"spacer.default\">\n\t\t\t\t<div class=\"elementor-widget-container\">\n\t\t\t\t\t\t\t<div class=\"elementor-spacer\">\n\t\t\t<div class=\"elementor-spacer-inner\"><\/div>\n\t\t<\/div>\n\t\t\t\t\t\t<\/div>\n\t\t\t\t<\/div>\n\t\t\t\t\t<\/div>\n\t\t<\/div>\n\t\t\t\t\t<\/div>\n\t\t<\/section>\n\t\t\t\t<section class=\"elementor-section elementor-top-section elementor-element elementor-element-f3f8927 elementor-section-boxed elementor-section-height-default elementor-section-height-default\" data-id=\"f3f8927\" data-element_type=\"section\" data-e-type=\"section\">\n\t\t\t\t\t\t<div class=\"elementor-container elementor-column-gap-default\">\n\t\t\t\t\t<div class=\"elementor-column elementor-col-100 elementor-top-column elementor-element elementor-element-dedbe98\" data-id=\"dedbe98\" data-element_type=\"column\" data-e-type=\"column\">\n\t\t\t<div class=\"elementor-widget-wrap\">\n\t\t\t\t\t\t\t<\/div>\n\t\t<\/div>\n\t\t\t\t\t<\/div>\n\t\t<\/section>\n\t\t\t\t<section class=\"elementor-section elementor-top-section elementor-element elementor-element-c55f81a elementor-section-boxed elementor-section-height-default elementor-section-height-default\" data-id=\"c55f81a\" data-element_type=\"section\" data-e-type=\"section\">\n\t\t\t\t\t\t<div class=\"elementor-container elementor-column-gap-default\">\n\t\t\t\t\t<div class=\"elementor-column elementor-col-100 elementor-top-column elementor-element elementor-element-d186401\" data-id=\"d186401\" data-element_type=\"column\" data-e-type=\"column\">\n\t\t\t<div class=\"elementor-widget-wrap elementor-element-populated\">\n\t\t\t\t\t\t<div class=\"elementor-element elementor-element-0da9297 elementor-widget elementor-widget-image\" data-id=\"0da9297\" data-element_type=\"widget\" data-e-type=\"widget\" data-widget_type=\"image.default\">\n\t\t\t\t<div class=\"elementor-widget-container\">\n\t\t\t\t\t\t\t\t\t\t\t\t\t\t\t<img loading=\"lazy\" decoding=\"async\" width=\"448\" height=\"299\" src=\"https:\/\/tagespflege-heimathafen.de\/wp-content\/uploads\/2023\/10\/R02.jpg\" class=\"attachment-large size-large wp-image-13335\" alt=\"\" srcset=\"https:\/\/tagespflege-heimathafen.de\/wp-content\/uploads\/2023\/10\/R02.jpg 448w, https:\/\/tagespflege-heimathafen.de\/wp-content\/uploads\/2023\/10\/R02-300x200.jpg 300w\" sizes=\"(max-width: 448px) 100vw, 448px\" \/>\t\t\t\t\t\t\t\t\t\t\t\t\t\t\t<\/div>\n\t\t\t\t<\/div>\n\t\t\t\t\t<\/div>\n\t\t<\/div>\n\t\t\t\t\t<\/div>\n\t\t<\/section>\n\t\t\t\t<section class=\"elementor-section elementor-top-section elementor-element elementor-element-c1b798d elementor-section-boxed elementor-section-height-default elementor-section-height-default\" data-id=\"c1b798d\" data-element_type=\"section\" data-e-type=\"section\">\n\t\t\t\t\t\t<div class=\"elementor-container elementor-column-gap-default\">\n\t\t\t\t\t<div class=\"elementor-column elementor-col-100 elementor-top-column elementor-element elementor-element-88d7cb7\" data-id=\"88d7cb7\" data-element_type=\"column\" data-e-type=\"column\">\n\t\t\t<div class=\"elementor-widget-wrap elementor-element-populated\">\n\t\t\t\t\t\t<div class=\"elementor-element elementor-element-34d796c elementor-widget elementor-widget-spacer\" data-id=\"34d796c\" data-element_type=\"widget\" data-e-type=\"widget\" data-widget_type=\"spacer.default\">\n\t\t\t\t<div class=\"elementor-widget-container\">\n\t\t\t\t\t\t\t<div class=\"elementor-spacer\">\n\t\t\t<div class=\"elementor-spacer-inner\"><\/div>\n\t\t<\/div>\n\t\t\t\t\t\t<\/div>\n\t\t\t\t<\/div>\n\t\t\t\t\t<\/div>\n\t\t<\/div>\n\t\t\t\t\t<\/div>\n\t\t<\/section>\n\t\t\t\t<section class=\"elementor-section elementor-top-section elementor-element elementor-element-d84d17f elementor-section-boxed elementor-section-height-default elementor-section-height-default\" data-id=\"d84d17f\" data-element_type=\"section\" data-e-type=\"section\">\n\t\t\t\t\t\t<div class=\"elementor-container elementor-column-gap-default\">\n\t\t\t\t\t<div class=\"elementor-column elementor-col-50 elementor-top-column elementor-element elementor-element-c5dddf7\" data-id=\"c5dddf7\" data-element_type=\"column\" data-e-type=\"column\">\n\t\t\t<div class=\"elementor-widget-wrap elementor-element-populated\">\n\t\t\t\t\t\t<div class=\"elementor-element elementor-element-cd44b68 elementor-widget elementor-widget-image\" data-id=\"cd44b68\" data-element_type=\"widget\" data-e-type=\"widget\" data-widget_type=\"image.default\">\n\t\t\t\t<div class=\"elementor-widget-container\">\n\t\t\t\t\t\t\t\t\t\t\t\t\t\t\t<img loading=\"lazy\" decoding=\"async\" width=\"448\" height=\"255\" src=\"https:\/\/tagespflege-heimathafen.de\/wp-content\/uploads\/2023\/10\/Schild-HP.jpg\" class=\"attachment-large size-large wp-image-13333\" alt=\"\" srcset=\"https:\/\/tagespflege-heimathafen.de\/wp-content\/uploads\/2023\/10\/Schild-HP.jpg 448w, https:\/\/tagespflege-heimathafen.de\/wp-content\/uploads\/2023\/10\/Schild-HP-300x171.jpg 300w\" sizes=\"(max-width: 448px) 100vw, 448px\" \/>\t\t\t\t\t\t\t\t\t\t\t\t\t\t\t<\/div>\n\t\t\t\t<\/div>\n\t\t\t\t\t<\/div>\n\t\t<\/div>\n\t\t\t\t<div class=\"elementor-column elementor-col-50 elementor-top-column elementor-element elementor-element-9a10e19\" data-id=\"9a10e19\" data-element_type=\"column\" data-e-type=\"column\">\n\t\t\t<div class=\"elementor-widget-wrap elementor-element-populated\">\n\t\t\t\t\t\t<div class=\"elementor-element elementor-element-15b085b elementor-widget elementor-widget-image\" data-id=\"15b085b\" data-element_type=\"widget\" data-e-type=\"widget\" data-widget_type=\"image.default\">\n\t\t\t\t<div class=\"elementor-widget-container\">\n\t\t\t\t\t\t\t\t\t\t\t\t\t\t\t<img loading=\"lazy\" decoding=\"async\" width=\"640\" height=\"369\" src=\"https:\/\/tagespflege-heimathafen.de\/wp-content\/uploads\/2024\/07\/TP-Raum-02.jpg\" class=\"attachment-large size-large wp-image-13428\" alt=\"\" srcset=\"https:\/\/tagespflege-heimathafen.de\/wp-content\/uploads\/2024\/07\/TP-Raum-02.jpg 640w, https:\/\/tagespflege-heimathafen.de\/wp-content\/uploads\/2024\/07\/TP-Raum-02-300x173.jpg 300w\" sizes=\"(max-width: 640px) 100vw, 640px\" \/>\t\t\t\t\t\t\t\t\t\t\t\t\t\t\t<\/div>\n\t\t\t\t<\/div>\n\t\t\t\t\t<\/div>\n\t\t<\/div>\n\t\t\t\t\t<\/div>\n\t\t<\/section>\n\t\t\t\t<\/div>\n\t\t","protected":false},"excerpt":{"rendered":"<p>Einblicke in den &#8222;Heimathafen&#8220; Unser &#8222;Heimathafen&#8220; befindet sich am Werftdreieck in Rostock, nur ein paar Schritte von der Warnow entfernt&#8230;.<\/p>\n","protected":false},"author":1,"featured_media":0,"parent":0,"menu_order":0,"comment_status":"closed","ping_status":"closed","template":"","meta":{"_tbt_post_transparent":"","_tbt_post_title":"","_tbt_post_layout":"","_tbt_post_sidebar_id":"","_tbt_post_content_style":"","_tbt_post_vertical_padding":"","_tbt_post_feature":"","_tbt_post_feature_position":"","_tbt_post_header":false,"_tbt_post_footer":false},"class_list":["post-12826","page","type-page","status-publish","hentry"],"yoast_head":"<!-- This site is optimized with the Yoast SEO plugin v27.6 - https:\/\/yoast.com\/product\/yoast-seo-wordpress\/ -->\n<title>R\u00e4umlichkeiten - Tagespflege Heimathafen Raihan Toto Slot Gacor Slot Online Dana Resmi Indonesia<\/title>\n<meta name=\"description\" content=\"kontol\" \/>\n<meta name=\"robots\" content=\"index, follow, max-snippet:-1, max-image-preview:large, max-video-preview:-1\" \/>\n<link rel=\"canonical\" href=\"https:\/\/tagespflege-heimathafen.de\/index.php\/raeumlichkeiten\/\" \/>\n<meta property=\"og:locale\" content=\"de_DE\" \/>\n<meta property=\"og:type\" content=\"article\" \/>\n<meta property=\"og:title\" content=\"R\u00e4umlichkeiten - Tagespflege Heimathafen Raihan Toto Slot Gacor Slot Online Dana Resmi Indonesia\" \/>\n<meta property=\"og:description\" content=\"kontol\" \/>\n<meta property=\"og:url\" content=\"https:\/\/tagespflege-heimathafen.de\/index.php\/raeumlichkeiten\/\" \/>\n<meta property=\"og:site_name\" content=\"Tagespflege Heimathafen\" \/>\n<meta property=\"article:modified_time\" content=\"2024-07-19T13:05:36+00:00\" \/>\n<meta property=\"og:image\" content=\"https:\/\/tagespflege-heimathafen.de\/wp-content\/uploads\/2023\/10\/R_Raum.jpg\" \/>\n<meta name=\"twitter:card\" content=\"summary_large_image\" \/>\n<meta name=\"twitter:label1\" content=\"Gesch\u00e4tzte Lesezeit\" \/>\n\t<meta name=\"twitter:data1\" content=\"2\u00a0Minuten\" \/>\n<script type=\"application\/ld+json\" class=\"yoast-schema-graph\">{\"@context\":\"https:\\\/\\\/schema.org\",\"@graph\":[{\"@type\":\"WebPage\",\"@id\":\"https:\\\/\\\/tagespflege-heimathafen.de\\\/index.php\\\/raeumlichkeiten\\\/\",\"url\":\"https:\\\/\\\/tagespflege-heimathafen.de\\\/index.php\\\/raeumlichkeiten\\\/\",\"name\":\"R\u00e4umlichkeiten - Tagespflege Heimathafen Raihan Toto Slot Gacor Slot Online Dana Resmi Indonesia\",\"isPartOf\":{\"@id\":\"https:\\\/\\\/tagespflege-heimathafen.de\\\/#website\"},\"primaryImageOfPage\":{\"@id\":\"https:\\\/\\\/tagespflege-heimathafen.de\\\/index.php\\\/raeumlichkeiten\\\/#primaryimage\"},\"image\":{\"@id\":\"https:\\\/\\\/tagespflege-heimathafen.de\\\/index.php\\\/raeumlichkeiten\\\/#primaryimage\"},\"thumbnailUrl\":\"https:\\\/\\\/tagespflege-heimathafen.de\\\/wp-content\\\/uploads\\\/2023\\\/10\\\/R_Raum.jpg\",\"datePublished\":\"2023-10-14T05:33:49+00:00\",\"dateModified\":\"2024-07-19T13:05:36+00:00\",\"description\":\"kontol\",\"breadcrumb\":{\"@id\":\"https:\\\/\\\/tagespflege-heimathafen.de\\\/index.php\\\/raeumlichkeiten\\\/#breadcrumb\"},\"inLanguage\":\"de\",\"potentialAction\":[{\"@type\":\"ReadAction\",\"target\":[\"https:\\\/\\\/tagespflege-heimathafen.de\\\/index.php\\\/raeumlichkeiten\\\/\"]}]},{\"@type\":\"ImageObject\",\"inLanguage\":\"de\",\"@id\":\"https:\\\/\\\/tagespflege-heimathafen.de\\\/index.php\\\/raeumlichkeiten\\\/#primaryimage\",\"url\":\"https:\\\/\\\/tagespflege-heimathafen.de\\\/wp-content\\\/uploads\\\/2023\\\/10\\\/R_Raum.jpg\",\"contentUrl\":\"https:\\\/\\\/tagespflege-heimathafen.de\\\/wp-content\\\/uploads\\\/2023\\\/10\\\/R_Raum.jpg\",\"width\":994,\"height\":412},{\"@type\":\"BreadcrumbList\",\"@id\":\"https:\\\/\\\/tagespflege-heimathafen.de\\\/index.php\\\/raeumlichkeiten\\\/#breadcrumb\",\"itemListElement\":[{\"@type\":\"ListItem\",\"position\":1,\"name\":\"Startseite\",\"item\":\"https:\\\/\\\/tagespflege-heimathafen.de\\\/\"},{\"@type\":\"ListItem\",\"position\":2,\"name\":\"R\u00e4umlichkeiten\"}]},{\"@type\":\"WebSite\",\"@id\":\"https:\\\/\\\/tagespflege-heimathafen.de\\\/#website\",\"url\":\"https:\\\/\\\/tagespflege-heimathafen.de\\\/\",\"name\":\"Tagespflege Heimathafen\",\"description\":\"\",\"publisher\":{\"@id\":\"https:\\\/\\\/tagespflege-heimathafen.de\\\/#organization\"},\"potentialAction\":[{\"@type\":\"SearchAction\",\"target\":{\"@type\":\"EntryPoint\",\"urlTemplate\":\"https:\\\/\\\/tagespflege-heimathafen.de\\\/?s={search_term_string}\"},\"query-input\":{\"@type\":\"PropertyValueSpecification\",\"valueRequired\":true,\"valueName\":\"search_term_string\"}}],\"inLanguage\":\"de\"},{\"@type\":\"Organization\",\"@id\":\"https:\\\/\\\/tagespflege-heimathafen.de\\\/#organization\",\"name\":\"Tagespflege Heimathafen\",\"url\":\"https:\\\/\\\/tagespflege-heimathafen.de\\\/\",\"logo\":{\"@type\":\"ImageObject\",\"inLanguage\":\"de\",\"@id\":\"https:\\\/\\\/tagespflege-heimathafen.de\\\/#\\\/schema\\\/logo\\\/image\\\/\",\"url\":\"https:\\\/\\\/tagespflege-heimathafen.de\\\/wp-content\\\/uploads\\\/2025\\\/02\\\/PVZ-Logo.jpg\",\"contentUrl\":\"https:\\\/\\\/tagespflege-heimathafen.de\\\/wp-content\\\/uploads\\\/2025\\\/02\\\/PVZ-Logo.jpg\",\"width\":1218,\"height\":498,\"caption\":\"Tagespflege Heimathafen\"},\"image\":{\"@id\":\"https:\\\/\\\/tagespflege-heimathafen.de\\\/#\\\/schema\\\/logo\\\/image\\\/\"}}]}<\/script>\n<!-- \/ Yoast SEO plugin. -->","yoast_head_json":{"title":"R\u00e4umlichkeiten - Tagespflege Heimathafen Raihan Toto Slot Gacor Slot Online Dana Resmi Indonesia","description":"kontol","robots":{"index":"index","follow":"follow","max-snippet":"max-snippet:-1","max-image-preview":"max-image-preview:large","max-video-preview":"max-video-preview:-1"},"canonical":"https:\/\/tagespflege-heimathafen.de\/index.php\/raeumlichkeiten\/","og_locale":"de_DE","og_type":"article","og_title":"R\u00e4umlichkeiten - Tagespflege Heimathafen Raihan Toto Slot Gacor Slot Online Dana Resmi Indonesia","og_description":"kontol","og_url":"https:\/\/tagespflege-heimathafen.de\/index.php\/raeumlichkeiten\/","og_site_name":"Tagespflege Heimathafen","article_modified_time":"2024-07-19T13:05:36+00:00","og_image":[{"url":"https:\/\/tagespflege-heimathafen.de\/wp-content\/uploads\/2023\/10\/R_Raum.jpg","type":"","width":"","height":""}],"twitter_card":"summary_large_image","twitter_misc":{"Gesch\u00e4tzte Lesezeit":"2\u00a0Minuten"},"schema":{"@context":"https:\/\/schema.org","@graph":[{"@type":"WebPage","@id":"https:\/\/tagespflege-heimathafen.de\/index.php\/raeumlichkeiten\/","url":"https:\/\/tagespflege-heimathafen.de\/index.php\/raeumlichkeiten\/","name":"R\u00e4umlichkeiten - Tagespflege Heimathafen Raihan Toto Slot Gacor Slot Online Dana Resmi Indonesia","isPartOf":{"@id":"https:\/\/tagespflege-heimathafen.de\/#website"},"primaryImageOfPage":{"@id":"https:\/\/tagespflege-heimathafen.de\/index.php\/raeumlichkeiten\/#primaryimage"},"image":{"@id":"https:\/\/tagespflege-heimathafen.de\/index.php\/raeumlichkeiten\/#primaryimage"},"thumbnailUrl":"https:\/\/tagespflege-heimathafen.de\/wp-content\/uploads\/2023\/10\/R_Raum.jpg","datePublished":"2023-10-14T05:33:49+00:00","dateModified":"2024-07-19T13:05:36+00:00","description":"kontol","breadcrumb":{"@id":"https:\/\/tagespflege-heimathafen.de\/index.php\/raeumlichkeiten\/#breadcrumb"},"inLanguage":"de","potentialAction":[{"@type":"ReadAction","target":["https:\/\/tagespflege-heimathafen.de\/index.php\/raeumlichkeiten\/"]}]},{"@type":"ImageObject","inLanguage":"de","@id":"https:\/\/tagespflege-heimathafen.de\/index.php\/raeumlichkeiten\/#primaryimage","url":"https:\/\/tagespflege-heimathafen.de\/wp-content\/uploads\/2023\/10\/R_Raum.jpg","contentUrl":"https:\/\/tagespflege-heimathafen.de\/wp-content\/uploads\/2023\/10\/R_Raum.jpg","width":994,"height":412},{"@type":"BreadcrumbList","@id":"https:\/\/tagespflege-heimathafen.de\/index.php\/raeumlichkeiten\/#breadcrumb","itemListElement":[{"@type":"ListItem","position":1,"name":"Startseite","item":"https:\/\/tagespflege-heimathafen.de\/"},{"@type":"ListItem","position":2,"name":"R\u00e4umlichkeiten"}]},{"@type":"WebSite","@id":"https:\/\/tagespflege-heimathafen.de\/#website","url":"https:\/\/tagespflege-heimathafen.de\/","name":"Tagespflege Heimathafen","description":"","publisher":{"@id":"https:\/\/tagespflege-heimathafen.de\/#organization"},"potentialAction":[{"@type":"SearchAction","target":{"@type":"EntryPoint","urlTemplate":"https:\/\/tagespflege-heimathafen.de\/?s={search_term_string}"},"query-input":{"@type":"PropertyValueSpecification","valueRequired":true,"valueName":"search_term_string"}}],"inLanguage":"de"},{"@type":"Organization","@id":"https:\/\/tagespflege-heimathafen.de\/#organization","name":"Tagespflege Heimathafen","url":"https:\/\/tagespflege-heimathafen.de\/","logo":{"@type":"ImageObject","inLanguage":"de","@id":"https:\/\/tagespflege-heimathafen.de\/#\/schema\/logo\/image\/","url":"https:\/\/tagespflege-heimathafen.de\/wp-content\/uploads\/2025\/02\/PVZ-Logo.jpg","contentUrl":"https:\/\/tagespflege-heimathafen.de\/wp-content\/uploads\/2025\/02\/PVZ-Logo.jpg","width":1218,"height":498,"caption":"Tagespflege Heimathafen"},"image":{"@id":"https:\/\/tagespflege-heimathafen.de\/#\/schema\/logo\/image\/"}}]}},"jetpack_sharing_enabled":true,"_links":{"self":[{"href":"https:\/\/tagespflege-heimathafen.de\/index.php\/wp-json\/wp\/v2\/pages\/12826","targetHints":{"allow":["GET"]}}],"collection":[{"href":"https:\/\/tagespflege-heimathafen.de\/index.php\/wp-json\/wp\/v2\/pages"}],"about":[{"href":"https:\/\/tagespflege-heimathafen.de\/index.php\/wp-json\/wp\/v2\/types\/page"}],"author":[{"embeddable":true,"href":"https:\/\/tagespflege-heimathafen.de\/index.php\/wp-json\/wp\/v2\/users\/1"}],"replies":[{"embeddable":true,"href":"https:\/\/tagespflege-heimathafen.de\/index.php\/wp-json\/wp\/v2\/comments?post=12826"}],"version-history":[{"count":93,"href":"https:\/\/tagespflege-heimathafen.de\/index.php\/wp-json\/wp\/v2\/pages\/12826\/revisions"}],"predecessor-version":[{"id":13643,"href":"https:\/\/tagespflege-heimathafen.de\/index.php\/wp-json\/wp\/v2\/pages\/12826\/revisions\/13643"}],"wp:attachment":[{"href":"https:\/\/tagespflege-heimathafen.de\/index.php\/wp-json\/wp\/v2\/media?parent=12826"}],"curies":[{"name":"wp","href":"https:\/\/api.w.org\/{rel}","templated":true}]}}